{"id":604,"date":"2019-12-17T08:18:15","date_gmt":"2019-12-17T07:18:15","guid":{"rendered":"http:\/\/www2.mcb.ch\/?page_id=604"},"modified":"2021-04-05T08:19:08","modified_gmt":"2021-04-05T07:19:08","slug":"kontakt","status":"publish","type":"page","link":"http:\/\/www.mcb.ch\/index.php\/kontakt\/","title":{"rendered":"Kontakt"},"content":{"rendered":"<h5>Kontaktieren Sie bei Fragen zum Club unsere Vorstandsmitglieder<\/h5>\n<table id=\"Tabelle1\" border=\"1\">\n<tbody>\n<tr>\n<td id=\"Zelle3\"><b>Pr\u00e4sident<\/b><\/td>\n<td id=\"Zelle4\">Vakant<\/td>\n<\/tr>\n<tr>\n<td id=\"Zelle5\"><b>Sekret\u00e4rin<\/b><\/td>\n<td id=\"Zelle6\">Doris Scheuermeister Juchlihaus 3204 Rossh\u00e4usern Tel. 079 \/ 366 13 25&nbsp;<\/td>\n<\/tr>\n<tr>\n<td id=\"Zelle7\"><b>Kassier<\/b><\/td>\n<td id=\"Zelle8\">Andreas Iff Chaletweg 50 4852 Rothrist Tel. 062 \/ 794 11 75<\/td>\n<\/tr>\n<tr>\n<td id=\"Zelle9\"><b>Tourenleiter<\/b><\/td>\n<td id=\"Zelle10\">Vakant<\/td>\n<\/tr>\n<tr>\n<td id=\"Zelle11\"><b>Redaktor \/ Vizepr\u00e4sident<\/b><\/td>\n<td id=\"Zelle12\">Ernst Maurer Riedernrain 432 3027 Bern Tel. 031 \/ 991 53 23<\/td>\n<\/tr>\n<tr>\n<td id=\"Zelle13\"><b>Webmaster<\/b><\/td>\n<td id=\"Zelle14\"><u>moto-club-buempliz(at)gmx.ch<\/u><\/td>\n<\/tr>\n<tr>\n<td id=\"Zelle15\"><b>MCB-Mailadresse<\/b><\/td>\n<td id=\"Zelle16\">moto-club-buempliz<u>(at)<\/u>gmx.ch<\/td>\n<\/tr>\n<\/tbody>\n<\/table>\n","protected":false},"excerpt":{"rendered":"<p>Kontaktieren Sie bei Fragen zum Club unsere Vorstandsmitglieder Pr\u00e4sident Vakant Sekret\u00e4rin Doris Scheuermeister Juchlihaus 3204 Rossh\u00e4usern Tel. 079 \/ 366 13 25&nbsp; Kassier Andreas Iff Chaletweg 50 4852 Rothrist Tel. 062 \/ 794 11 75 Tourenleiter Vakant Redaktor \/ Vizepr\u00e4sident Ernst Maurer Riedernrain 432 3027 Bern Tel. 031 \/ 991 53 23 Webmaster moto-club-buempliz(at)gmx.ch MCB-Mailadresse &hellip; <a href=\"http:\/\/www.mcb.ch\/index.php\/kontakt\/\" class=\"more-link\"><span class=\"screen-reader-text\">&#8220;Kontakt&#8221; <\/span>weiterlesen<\/a><\/p>\n","protected":false},"author":4,"featured_media":0,"parent":0,"menu_order":0,"comment_status":"closed","ping_status":"closed","template":"","meta":{"ngg_post_thumbnail":0,"footnotes":""},"class_list":["post-604","page","type-page","status-publish","hentry"],"_links":{"self":[{"href":"http:\/\/www.mcb.ch\/index.php\/wp-json\/wp\/v2\/pages\/604"}],"collection":[{"href":"http:\/\/www.mcb.ch\/index.php\/wp-json\/wp\/v2\/pages"}],"about":[{"href":"http:\/\/www.mcb.ch\/index.php\/wp-json\/wp\/v2\/types\/page"}],"author":[{"embeddable":true,"href":"http:\/\/www.mcb.ch\/index.php\/wp-json\/wp\/v2\/users\/4"}],"replies":[{"embeddable":true,"href":"http:\/\/www.mcb.ch\/index.php\/wp-json\/wp\/v2\/comments?post=604"}],"version-history":[{"count":3,"href":"http:\/\/www.mcb.ch\/index.php\/wp-json\/wp\/v2\/pages\/604\/revisions"}],"predecessor-version":[{"id":1158,"href":"http:\/\/www.mcb.ch\/index.php\/wp-json\/wp\/v2\/pages\/604\/revisions\/1158"}],"wp:attachment":[{"href":"http:\/\/www.mcb.ch\/index.php\/wp-json\/wp\/v2\/media?parent=604"}],"curies":[{"name":"wp","href":"https:\/\/api.w.org\/{rel}","templated":true}]}}